{"id":5700,"date":"2021-11-04T08:09:38","date_gmt":"2021-11-04T07:09:38","guid":{"rendered":"http:\/\/82.77.120.210\/8.3\/sites\/signes-paysages\/portfolio\/three-columns\/"},"modified":"2025-10-21T10:22:12","modified_gmt":"2025-10-21T08:22:12","slug":"three-columns","status":"publish","type":"page","link":"https:\/\/signes-paysages.fr\/en\/portfolio\/three-columns\/","title":{"rendered":"our Projects"},"content":{"rendered":"\t\t<div data-elementor-type=\"wp-page\" data-elementor-id=\"5700\" class=\"elementor elementor-5700 elementor-2262\" data-elementor-post-type=\"page\">\n\t\t\t\t<div class=\"elementor-element elementor-element-4a1ff8e e-flex e-con-boxed e-con e-parent\" data-id=\"4a1ff8e\" data-element_type=\"container\">\n\t\t\t\t\t<div class=\"e-con-inner\">\n\t\t\t\t<div class=\"elementor-element elementor-element-855414b elementor-search-form--skin-minimal elementor-widget elementor-widget-search-form\" data-id=\"855414b\" data-element_type=\"widget\" data-settings=\"{&quot;skin&quot;:&quot;minimal&quot;}\" data-widget_type=\"search-form.default\">\n\t\t\t\t<div class=\"elementor-widget-container\">\n\t\t\t\t\t\t\t<search role=\"search\">\n\t\t\t<form class=\"elementor-search-form\" action=\"https:\/\/signes-paysages.fr\/en\/\" method=\"get\">\n\t\t\t\t\t\t\t\t\t\t\t\t<div class=\"elementor-search-form__container\">\n\t\t\t\t\t<label class=\"elementor-screen-only\" for=\"elementor-search-form-855414b\">Search<\/label>\n\n\t\t\t\t\t\t\t\t\t\t\t<div class=\"elementor-search-form__icon\">\n\t\t\t\t\t\t\t<div class=\"e-font-icon-svg-container\"><svg aria-hidden=\"true\" class=\"e-font-icon-svg e-fas-search\" viewBox=\"0 0 512 512\" xmlns=\"http:\/\/www.w3.org\/2000\/svg\"><path d=\"M505 442.7L405.3 343c-4.5-4.5-10.6-7-17-7H372c27.6-35.3 44-79.7 44-128C416 93.1 322.9 0 208 0S0 93.1 0 208s93.1 208 208 208c48.3 0 92.7-16.4 128-44v16.3c0 6.4 2.5 12.5 7 17l99.7 99.7c9.4 9.4 24.6 9.4 33.9 0l28.3-28.3c9.4-9.4 9.4-24.6.1-34zM208 336c-70.7 0-128-57.2-128-128 0-70.7 57.2-128 128-128 70.7 0 128 57.2 128 128 0 70.7-57.2 128-128 128z\"><\/path><\/svg><\/div>\t\t\t\t\t\t\t<span class=\"elementor-screen-only\">Search<\/span>\n\t\t\t\t\t\t<\/div>\n\t\t\t\t\t\n\t\t\t\t\t<input id=\"elementor-search-form-855414b\" placeholder=\"Search ...\" class=\"elementor-search-form__input\" type=\"search\" name=\"s\" value=\"\">\n\t\t\t\t\t<input type='hidden' name='lang' value='en' \/>\n\t\t\t\t\t\n\t\t\t\t\t\t\t\t\t<\/div>\n\t\t\t<\/form>\n\t\t<\/search>\n\t\t\t\t\t\t<\/div>\n\t\t\t\t<\/div>\n\t\t\t\t\t<\/div>\n\t\t\t\t<\/div>\n\t\t\t\t<section class=\"elementor-section elementor-top-section elementor-element elementor-element-898b63a elementor-section-full_width qodef-elementor-content-grid elementor-section-height-default elementor-section-height-default\" data-id=\"898b63a\" data-element_type=\"section\" data-settings=\"{&quot;background_background&quot;:&quot;classic&quot;}\">\n\t\t\t\t\t\t<div class=\"elementor-container elementor-column-gap-default\">\n\t\t\t\t\t<div class=\"elementor-column elementor-col-100 elementor-top-column elementor-element elementor-element-b4145f4\" data-id=\"b4145f4\" data-element_type=\"column\">\n\t\t\t<div class=\"elementor-widget-wrap elementor-element-populated\">\n\t\t\t\t\t\t<div class=\"elementor-element elementor-element-7b185a8 elementor-widget elementor-widget-brok_core_portfolio_list\" data-id=\"7b185a8\" data-element_type=\"widget\" data-widget_type=\"brok_core_portfolio_list.default\">\n\t\t\t\t<div class=\"elementor-widget-container\">\n\t\t\t\t\t<div class=\"qodef-shortcode qodef-m  qodef-portfolio-list qodef-item-layout--info-below   qodef-pl-appear-animation--yes qodef-grid qodef-layout--columns  qodef-gutter--medium qodef-col-num--3 qodef-item-layout--info-below qodef-filter--on qodef-pagination--on qodef-pagination-type--infinite-scroll qodef-responsive--predefined qodef-hover-animation--clip\" data-options=\"{&quot;plugin&quot;:&quot;brok_core&quot;,&quot;module&quot;:&quot;post-types\\\/portfolio\\\/shortcodes&quot;,&quot;shortcode&quot;:&quot;portfolio-list&quot;,&quot;post_type&quot;:&quot;portfolio-item&quot;,&quot;next_page&quot;:&quot;2&quot;,&quot;max_pages_num&quot;:19,&quot;behavior&quot;:&quot;columns&quot;,&quot;images_proportion&quot;:&quot;brok_core_image_size_landscape&quot;,&quot;columns&quot;:&quot;3&quot;,&quot;columns_responsive&quot;:&quot;predefined&quot;,&quot;space&quot;:&quot;medium&quot;,&quot;posts_per_page&quot;:&quot;9&quot;,&quot;orderby&quot;:&quot;date&quot;,&quot;order&quot;:&quot;DESC&quot;,&quot;additional_params&quot;:&quot;tax&quot;,&quot;tax&quot;:&quot;portfolio-category&quot;,&quot;layout&quot;:&quot;info-below&quot;,&quot;hover_animation_info-below&quot;:&quot;clip&quot;,&quot;hover_animation_info-follow&quot;:&quot;follow&quot;,&quot;title_tag&quot;:&quot;h5&quot;,&quot;hover_info&quot;:&quot;no&quot;,&quot;custom_margin&quot;:&quot;no&quot;,&quot;appear_animation&quot;:&quot;yes&quot;,&quot;enable_filter&quot;:&quot;yes&quot;,&quot;pagination_type&quot;:&quot;infinite-scroll&quot;,&quot;object_class_name&quot;:&quot;BrokCore_Portfolio_List_Shortcode&quot;,&quot;taxonomy_filter&quot;:&quot;portfolio-category&quot;,&quot;additional_query_args&quot;:[],&quot;space_value&quot;:20}\">\n\t\t<div class=\"qodef-m-filter \">\r\n\t\t\t\t<div class=\"qodef-m-filter-items-wrapper\">\r\n\t\t\t<div class=\"qodef-m-filter-items\">\r\n\t\t\t\t<div class=\"qodef-m-filter-item qodef--active\" data-taxonomy=\"portfolio-category\" data-filter=\"*\">\r\n\t\t\t\t\t<span class=\"qodef-m-filter-item-name\">Voir tout<sup class=\"qodef-m-filter-count-all\"><\/sup><\/span>\r\n\t\t\t\t<\/div>\r\n\t\t\t\t\t\t\t\t\t<div class=\"qodef-m-filter-wrapper\">\r\n\t\t\t\t\t\t<div class=\"qodef-m-filter-item\" data-taxonomy=\"portfolio-category\" data-filter=\"mobilite-en\">\r\n\t\t\t\t\t\t\t<span class=\"qodef-m-filter-item-name\">Mobilit\u00e9<sup class=\"qodef-m-filter-count\">34<\/sup><\/span>\r\n\t\t\t\t\t\t<\/div>\r\n\t\t\t\t\t\t\t\t\t\t\t<\/div>\r\n\t\t\t\t\t\t\t\t\t<div class=\"qodef-m-filter-wrapper\">\r\n\t\t\t\t\t\t<div class=\"qodef-m-filter-item\" data-taxonomy=\"portfolio-category\" data-filter=\"parc-et-jardin-en\">\r\n\t\t\t\t\t\t\t<span class=\"qodef-m-filter-item-name\">Parc et Jardin<sup class=\"qodef-m-filter-count\">47<\/sup><\/span>\r\n\t\t\t\t\t\t<\/div>\r\n\t\t\t\t\t\t\t\t\t\t\t<\/div>\r\n\t\t\t\t\t\t\t\t\t<div class=\"qodef-m-filter-wrapper\">\r\n\t\t\t\t\t\t<div class=\"qodef-m-filter-item\" data-taxonomy=\"portfolio-category\" data-filter=\"territoire-en\">\r\n\t\t\t\t\t\t\t<span class=\"qodef-m-filter-item-name\">Territoire<sup class=\"qodef-m-filter-count\">22<\/sup><\/span>\r\n\t\t\t\t\t\t<\/div>\r\n\t\t\t\t\t\t\t\t\t\t\t<\/div>\r\n\t\t\t\t\t\t\t\t\t<div class=\"qodef-m-filter-wrapper\">\r\n\t\t\t\t\t\t<div class=\"qodef-m-filter-item\" data-taxonomy=\"portfolio-category\" data-filter=\"ville-en\">\r\n\t\t\t\t\t\t\t<span class=\"qodef-m-filter-item-name\">Ville<sup class=\"qodef-m-filter-count\">77<\/sup><\/span>\r\n\t\t\t\t\t\t<\/div>\r\n\t\t\t\t\t\t\t\t\t\t\t<\/div>\r\n\t\t\t\t\t\t\t<\/div>\r\n\t\t<\/div>\r\n\t\t\t<\/div>\r\n\t\t<div class=\"qodef-grid-inner clear\">\n\t\t<article class=\"qodef-e qodef-grid-item qodef-item--landscape post-11012 portfolio-item type-portfolio-item status-publish has-post-thumbnail hentry portfolio-category-mobilite-en portfolio-category-ville-en\">\n\t<div class=\"qodef-e-inner\" >\n\t\t<div class=\"qodef-e-image\">\n\t\t\t\t<div class=\"qodef-e-media-image\">\n\t\t<a itemprop=\"url\" href=\"https:\/\/signes-paysages.fr\/en\/portfolio-item\/allee-des-acacias-greenway-merignac\/\" target=\"_self\">\n\t\t\t<img data-opt-id=1746982212  fetchpriority=\"high\" decoding=\"async\" width=\"1300\" height=\"650\" src=\"https:\/\/mlujrbjxstu6.i.optimole.com\/cb:BI-6.712\/w:1300\/h:650\/q:mauto\/rt:fill\/g:ce\/f:best\/https:\/\/signes-paysages.fr\/wp-content\/uploads\/2026\/03\/ACACIAS02.webp\" class=\"attachment-brok_core_image_size_landscape size-brok_core_image_size_landscape wp-post-image\" alt=\"\" \/>\t\t<\/a>\n\t<\/div>\n\t\t<\/div>\n\t\t<div class=\"qodef-e-content\" >\n\t\t\t<div class=\"qodef-e-text\">\n\t\t\t\t<h5 itemprop=\"name\" class=\"qodef-e-title entry-title\" >\n\t<a itemprop=\"url\" class=\"qodef-e-title-link\" href=\"https:\/\/signes-paysages.fr\/en\/portfolio-item\/allee-des-acacias-greenway-merignac\/\" target=\"_self\">\n\t\tALL\u00c9E DES ACACIAS GREENWAY &#8211; M\u00c9RIGNAC\t<\/a>\n<\/h5>\n\t\t\t<\/div>\n\t\t\t<div class=\"qodef-e-bottom-holder\">\n\t\t\t\t<div class=\"qodef-e-info\">\n\t\t\t\t\t\t<a href=\"https:\/\/signes-paysages.fr\/en\/portfolio-category\/mobilite-en\/\" rel=\"tag\">Mobilit\u00e9<\/a><span class=\"qodef-info-separator-single\"><\/span><a href=\"https:\/\/signes-paysages.fr\/en\/portfolio-category\/ville-en\/\" rel=\"tag\">Ville<\/a>\t<div class=\"qodef-info-separator-end\"><\/div>\n\t\t\t\t<\/div>\n\t\t\t<\/div>\n\t\t<\/div>\n\t<\/div>\n<\/article>\n<article class=\"qodef-e qodef-grid-item qodef-item--landscape post-10993 portfolio-item type-portfolio-item status-publish has-post-thumbnail hentry portfolio-category-mobilite-en portfolio-category-territoire-en\">\n\t<div class=\"qodef-e-inner\" >\n\t\t<div class=\"qodef-e-image\">\n\t\t\t\t<div class=\"qodef-e-media-image\">\n\t\t<a itemprop=\"url\" href=\"https:\/\/signes-paysages.fr\/en\/portfolio-item\/pont-canal-de-la-somme\/\" target=\"_self\">\n\t\t\t<img data-opt-id=1358650485  fetchpriority=\"high\" decoding=\"async\" width=\"1300\" height=\"650\" src=\"https:\/\/mlujrbjxstu6.i.optimole.com\/cb:BI-6.712\/w:1300\/h:650\/q:mauto\/rt:fill\/g:ce\/f:best\/https:\/\/signes-paysages.fr\/wp-content\/uploads\/2026\/03\/PCS14.webp\" class=\"attachment-brok_core_image_size_landscape size-brok_core_image_size_landscape wp-post-image\" alt=\"\" \/>\t\t<\/a>\n\t<\/div>\n\t\t<\/div>\n\t\t<div class=\"qodef-e-content\" >\n\t\t\t<div class=\"qodef-e-text\">\n\t\t\t\t<h5 itemprop=\"name\" class=\"qodef-e-title entry-title\" >\n\t<a itemprop=\"url\" class=\"qodef-e-title-link\" href=\"https:\/\/signes-paysages.fr\/en\/portfolio-item\/pont-canal-de-la-somme\/\" target=\"_self\">\n\t\tPONT-CANAL DE LA SOMME\t<\/a>\n<\/h5>\n\t\t\t<\/div>\n\t\t\t<div class=\"qodef-e-bottom-holder\">\n\t\t\t\t<div class=\"qodef-e-info\">\n\t\t\t\t\t\t<a href=\"https:\/\/signes-paysages.fr\/en\/portfolio-category\/mobilite-en\/\" rel=\"tag\">Mobilit\u00e9<\/a><span class=\"qodef-info-separator-single\"><\/span><a href=\"https:\/\/signes-paysages.fr\/en\/portfolio-category\/territoire-en\/\" rel=\"tag\">Territoire<\/a>\t<div class=\"qodef-info-separator-end\"><\/div>\n\t\t\t\t<\/div>\n\t\t\t<\/div>\n\t\t<\/div>\n\t<\/div>\n<\/article>\n<article class=\"qodef-e qodef-grid-item qodef-item--landscape post-10496 portfolio-item type-portfolio-item status-publish has-post-thumbnail hentry portfolio-category-mobilite-en\">\n\t<div class=\"qodef-e-inner\" >\n\t\t<div class=\"qodef-e-image\">\n\t\t\t\t<div class=\"qodef-e-media-image\">\n\t\t<a itemprop=\"url\" href=\"https:\/\/signes-paysages.fr\/en\/portfolio-item\/express-bike-network-route-5-bordeaux-metropole\/\" target=\"_self\">\n\t\t\t<img data-opt-id=1229064649  data-opt-src=\"https:\/\/mlujrbjxstu6.i.optimole.com\/cb:BI-6.712\/w:1300\/h:650\/q:mauto\/rt:fill\/g:ce\/f:best\/https:\/\/signes-paysages.fr\/wp-content\/uploads\/2026\/03\/REV5IT3-03.webp\"  decoding=\"async\" width=\"1300\" height=\"650\" src=\"data:image/svg+xml,%3Csvg%20viewBox%3D%220%200%201300%20650%22%20width%3D%221300%22%20height%3D%22650%22%20xmlns%3D%22http%3A%2F%2Fwww.w3.org%2F2000%2Fsvg%22%3E%3Crect%20width%3D%221300%22%20height%3D%22650%22%20fill%3D%22transparent%22%2F%3E%3C%2Fsvg%3E\" class=\"attachment-brok_core_image_size_landscape size-brok_core_image_size_landscape wp-post-image\" alt=\"\" \/>\t\t<\/a>\n\t<\/div>\n\t\t<\/div>\n\t\t<div class=\"qodef-e-content\" >\n\t\t\t<div class=\"qodef-e-text\">\n\t\t\t\t<h5 itemprop=\"name\" class=\"qodef-e-title entry-title\" >\n\t<a itemprop=\"url\" class=\"qodef-e-title-link\" href=\"https:\/\/signes-paysages.fr\/en\/portfolio-item\/express-bike-network-route-5-bordeaux-metropole\/\" target=\"_self\">\n\t\tEXPRESS BIKE NETWORK &#8211; ROUTE 5 &#8211; BORDEAUX METROPOLE\t<\/a>\n<\/h5>\n\t\t\t<\/div>\n\t\t\t<div class=\"qodef-e-bottom-holder\">\n\t\t\t\t<div class=\"qodef-e-info\">\n\t\t\t\t\t\t<a href=\"https:\/\/signes-paysages.fr\/en\/portfolio-category\/mobilite-en\/\" rel=\"tag\">Mobilit\u00e9<\/a>\t<div class=\"qodef-info-separator-end\"><\/div>\n\t\t\t\t<\/div>\n\t\t\t<\/div>\n\t\t<\/div>\n\t<\/div>\n<\/article>\n<article class=\"qodef-e qodef-grid-item qodef-item--landscape post-9530 portfolio-item type-portfolio-item status-publish has-post-thumbnail hentry portfolio-category-ville-en\">\n\t<div class=\"qodef-e-inner\" >\n\t\t<div class=\"qodef-e-image\">\n\t\t\t\t<div class=\"qodef-e-media-image\">\n\t\t<a itemprop=\"url\" href=\"https:\/\/signes-paysages.fr\/en\/portfolio-item\/creation-of-a-new-urban-center-sollies-pont\/\" target=\"_self\">\n\t\t\t<img data-opt-id=179821239  data-opt-src=\"https:\/\/mlujrbjxstu6.i.optimole.com\/cb:BI-6.712\/w:1300\/h:650\/q:mauto\/rt:fill\/g:ce\/f:best\/https:\/\/signes-paysages.fr\/wp-content\/uploads\/2025\/09\/SOLLIES05.webp\"  loading=\"lazy\" decoding=\"async\" width=\"1300\" height=\"650\" src=\"data:image/svg+xml,%3Csvg%20viewBox%3D%220%200%201300%20650%22%20width%3D%221300%22%20height%3D%22650%22%20xmlns%3D%22http%3A%2F%2Fwww.w3.org%2F2000%2Fsvg%22%3E%3Crect%20width%3D%221300%22%20height%3D%22650%22%20fill%3D%22transparent%22%2F%3E%3C%2Fsvg%3E\" class=\"attachment-brok_core_image_size_landscape size-brok_core_image_size_landscape wp-post-image\" alt=\"\" \/>\t\t<\/a>\n\t<\/div>\n\t\t<\/div>\n\t\t<div class=\"qodef-e-content\" >\n\t\t\t<div class=\"qodef-e-text\">\n\t\t\t\t<h5 itemprop=\"name\" class=\"qodef-e-title entry-title\" >\n\t<a itemprop=\"url\" class=\"qodef-e-title-link\" href=\"https:\/\/signes-paysages.fr\/en\/portfolio-item\/creation-of-a-new-urban-center-sollies-pont\/\" target=\"_self\">\n\t\tCREATION OF A NEW URBAN CENTER &#8211; SOLLI\u00c8S-PONT\t<\/a>\n<\/h5>\n\t\t\t<\/div>\n\t\t\t<div class=\"qodef-e-bottom-holder\">\n\t\t\t\t<div class=\"qodef-e-info\">\n\t\t\t\t\t\t<a href=\"https:\/\/signes-paysages.fr\/en\/portfolio-category\/ville-en\/\" rel=\"tag\">Ville<\/a>\t<div class=\"qodef-info-separator-end\"><\/div>\n\t\t\t\t<\/div>\n\t\t\t<\/div>\n\t\t<\/div>\n\t<\/div>\n<\/article>\n<article class=\"qodef-e qodef-grid-item qodef-item--landscape post-10808 portfolio-item type-portfolio-item status-publish has-post-thumbnail hentry portfolio-category-parc-et-jardin-en\">\n\t<div class=\"qodef-e-inner\" >\n\t\t<div class=\"qodef-e-image\">\n\t\t\t\t<div class=\"qodef-e-media-image\">\n\t\t<a itemprop=\"url\" href=\"https:\/\/signes-paysages.fr\/en\/portfolio-item\/metropolitan-cemetery-park-phase-2-artigues-pres-bordeaux\/\" target=\"_self\">\n\t\t\t<img data-opt-id=26147035  data-opt-src=\"https:\/\/mlujrbjxstu6.i.optimole.com\/cb:BI-6.712\/w:1300\/h:650\/q:mauto\/rt:fill\/g:ce\/f:best\/https:\/\/signes-paysages.fr\/wp-content\/uploads\/2026\/03\/ARTIGUES2-11.webp\"  loading=\"lazy\" decoding=\"async\" width=\"1300\" height=\"650\" src=\"data:image/svg+xml,%3Csvg%20viewBox%3D%220%200%201300%20650%22%20width%3D%221300%22%20height%3D%22650%22%20xmlns%3D%22http%3A%2F%2Fwww.w3.org%2F2000%2Fsvg%22%3E%3Crect%20width%3D%221300%22%20height%3D%22650%22%20fill%3D%22transparent%22%2F%3E%3C%2Fsvg%3E\" class=\"attachment-brok_core_image_size_landscape size-brok_core_image_size_landscape wp-post-image\" alt=\"\" \/>\t\t<\/a>\n\t<\/div>\n\t\t<\/div>\n\t\t<div class=\"qodef-e-content\" >\n\t\t\t<div class=\"qodef-e-text\">\n\t\t\t\t<h5 itemprop=\"name\" class=\"qodef-e-title entry-title\" >\n\t<a itemprop=\"url\" class=\"qodef-e-title-link\" href=\"https:\/\/signes-paysages.fr\/en\/portfolio-item\/metropolitan-cemetery-park-phase-2-artigues-pres-bordeaux\/\" target=\"_self\">\n\t\tMETROPOLITAN CEMETERY PARK (PHASE 2) &#8211; ARTIGUES-PR\u00c8S-BORDEAUX\t<\/a>\n<\/h5>\n\t\t\t<\/div>\n\t\t\t<div class=\"qodef-e-bottom-holder\">\n\t\t\t\t<div class=\"qodef-e-info\">\n\t\t\t\t\t\t<a href=\"https:\/\/signes-paysages.fr\/en\/portfolio-category\/parc-et-jardin-en\/\" rel=\"tag\">Parc et Jardin<\/a>\t<div class=\"qodef-info-separator-end\"><\/div>\n\t\t\t\t<\/div>\n\t\t\t<\/div>\n\t\t<\/div>\n\t<\/div>\n<\/article>\n<article class=\"qodef-e qodef-grid-item qodef-item--landscape post-10844 portfolio-item type-portfolio-item status-publish has-post-thumbnail hentry portfolio-category-parc-et-jardin-en\">\n\t<div class=\"qodef-e-inner\" >\n\t\t<div class=\"qodef-e-image\">\n\t\t\t\t<div class=\"qodef-e-media-image\">\n\t\t<a itemprop=\"url\" href=\"https:\/\/signes-paysages.fr\/en\/portfolio-item\/metropolitan-cemetery-park-merignac\/\" target=\"_self\">\n\t\t\t<img data-opt-id=939244345  data-opt-src=\"https:\/\/mlujrbjxstu6.i.optimole.com\/cb:BI-6.712\/w:1300\/h:650\/q:mauto\/rt:fill\/g:ce\/f:best\/https:\/\/signes-paysages.fr\/wp-content\/uploads\/2026\/03\/CIM_MERIGNAC01.webp\"  loading=\"lazy\" decoding=\"async\" width=\"1300\" height=\"650\" src=\"data:image/svg+xml,%3Csvg%20viewBox%3D%220%200%201300%20650%22%20width%3D%221300%22%20height%3D%22650%22%20xmlns%3D%22http%3A%2F%2Fwww.w3.org%2F2000%2Fsvg%22%3E%3Crect%20width%3D%221300%22%20height%3D%22650%22%20fill%3D%22transparent%22%2F%3E%3C%2Fsvg%3E\" class=\"attachment-brok_core_image_size_landscape size-brok_core_image_size_landscape wp-post-image\" alt=\"\" \/>\t\t<\/a>\n\t<\/div>\n\t\t<\/div>\n\t\t<div class=\"qodef-e-content\" >\n\t\t\t<div class=\"qodef-e-text\">\n\t\t\t\t<h5 itemprop=\"name\" class=\"qodef-e-title entry-title\" >\n\t<a itemprop=\"url\" class=\"qodef-e-title-link\" href=\"https:\/\/signes-paysages.fr\/en\/portfolio-item\/metropolitan-cemetery-park-merignac\/\" target=\"_self\">\n\t\tMETROPOLITAN CEMETERY PARK &#8211; M\u00c9RIGNAC\t<\/a>\n<\/h5>\n\t\t\t<\/div>\n\t\t\t<div class=\"qodef-e-bottom-holder\">\n\t\t\t\t<div class=\"qodef-e-info\">\n\t\t\t\t\t\t<a href=\"https:\/\/signes-paysages.fr\/en\/portfolio-category\/parc-et-jardin-en\/\" rel=\"tag\">Parc et Jardin<\/a>\t<div class=\"qodef-info-separator-end\"><\/div>\n\t\t\t\t<\/div>\n\t\t\t<\/div>\n\t\t<\/div>\n\t<\/div>\n<\/article>\n<article class=\"qodef-e qodef-grid-item qodef-item--landscape post-10858 portfolio-item type-portfolio-item status-publish has-post-thumbnail hentry portfolio-category-ville-en\">\n\t<div class=\"qodef-e-inner\" >\n\t\t<div class=\"qodef-e-image\">\n\t\t\t\t<div class=\"qodef-e-media-image\">\n\t\t<a itemprop=\"url\" href=\"https:\/\/signes-paysages.fr\/en\/portfolio-item\/public-spaces-in-the-saint-louis-area-bordeaux\/\" target=\"_self\">\n\t\t\t<img data-opt-id=1263929267  data-opt-src=\"https:\/\/mlujrbjxstu6.i.optimole.com\/cb:BI-6.712\/w:1300\/h:650\/q:mauto\/rt:fill\/g:ce\/f:best\/https:\/\/signes-paysages.fr\/wp-content\/uploads\/2026\/03\/STLOUIS01.webp\"  loading=\"lazy\" decoding=\"async\" width=\"1300\" height=\"650\" src=\"data:image/svg+xml,%3Csvg%20viewBox%3D%220%200%201300%20650%22%20width%3D%221300%22%20height%3D%22650%22%20xmlns%3D%22http%3A%2F%2Fwww.w3.org%2F2000%2Fsvg%22%3E%3Crect%20width%3D%221300%22%20height%3D%22650%22%20fill%3D%22transparent%22%2F%3E%3C%2Fsvg%3E\" class=\"attachment-brok_core_image_size_landscape size-brok_core_image_size_landscape wp-post-image\" alt=\"\" \/>\t\t<\/a>\n\t<\/div>\n\t\t<\/div>\n\t\t<div class=\"qodef-e-content\" >\n\t\t\t<div class=\"qodef-e-text\">\n\t\t\t\t<h5 itemprop=\"name\" class=\"qodef-e-title entry-title\" >\n\t<a itemprop=\"url\" class=\"qodef-e-title-link\" href=\"https:\/\/signes-paysages.fr\/en\/portfolio-item\/public-spaces-in-the-saint-louis-area-bordeaux\/\" target=\"_self\">\n\t\tPUBLIC SPACES IN THE SAINT-LOUIS AREA &#8211; BORDEAUX\t<\/a>\n<\/h5>\n\t\t\t<\/div>\n\t\t\t<div class=\"qodef-e-bottom-holder\">\n\t\t\t\t<div class=\"qodef-e-info\">\n\t\t\t\t\t\t<a href=\"https:\/\/signes-paysages.fr\/en\/portfolio-category\/ville-en\/\" rel=\"tag\">Ville<\/a>\t<div class=\"qodef-info-separator-end\"><\/div>\n\t\t\t\t<\/div>\n\t\t\t<\/div>\n\t\t<\/div>\n\t<\/div>\n<\/article>\n<article class=\"qodef-e qodef-grid-item qodef-item--landscape post-10512 portfolio-item type-portfolio-item status-publish has-post-thumbnail hentry portfolio-category-ville-en\">\n\t<div class=\"qodef-e-inner\" >\n\t\t<div class=\"qodef-e-image\">\n\t\t\t\t<div class=\"qodef-e-media-image\">\n\t\t<a itemprop=\"url\" href=\"https:\/\/signes-paysages.fr\/en\/portfolio-item\/avenue-chapelle-sainte-bernadette-merignac\/\" target=\"_self\">\n\t\t\t<img data-opt-id=2037409201  data-opt-src=\"https:\/\/mlujrbjxstu6.i.optimole.com\/cb:BI-6.712\/w:1300\/h:650\/q:mauto\/rt:fill\/g:ce\/f:best\/https:\/\/signes-paysages.fr\/wp-content\/uploads\/2026\/03\/STEBERNADETTE04.webp\"  loading=\"lazy\" decoding=\"async\" width=\"1300\" height=\"650\" src=\"data:image/svg+xml,%3Csvg%20viewBox%3D%220%200%201300%20650%22%20width%3D%221300%22%20height%3D%22650%22%20xmlns%3D%22http%3A%2F%2Fwww.w3.org%2F2000%2Fsvg%22%3E%3Crect%20width%3D%221300%22%20height%3D%22650%22%20fill%3D%22transparent%22%2F%3E%3C%2Fsvg%3E\" class=\"attachment-brok_core_image_size_landscape size-brok_core_image_size_landscape wp-post-image\" alt=\"\" \/>\t\t<\/a>\n\t<\/div>\n\t\t<\/div>\n\t\t<div class=\"qodef-e-content\" >\n\t\t\t<div class=\"qodef-e-text\">\n\t\t\t\t<h5 itemprop=\"name\" class=\"qodef-e-title entry-title\" >\n\t<a itemprop=\"url\" class=\"qodef-e-title-link\" href=\"https:\/\/signes-paysages.fr\/en\/portfolio-item\/avenue-chapelle-sainte-bernadette-merignac\/\" target=\"_self\">\n\t\tAVENUE CHAPELLE SAINTE BERNADETTE &#8211; M\u00c9RIGNAC\t<\/a>\n<\/h5>\n\t\t\t<\/div>\n\t\t\t<div class=\"qodef-e-bottom-holder\">\n\t\t\t\t<div class=\"qodef-e-info\">\n\t\t\t\t\t\t<a href=\"https:\/\/signes-paysages.fr\/en\/portfolio-category\/ville-en\/\" rel=\"tag\">Ville<\/a>\t<div class=\"qodef-info-separator-end\"><\/div>\n\t\t\t\t<\/div>\n\t\t\t<\/div>\n\t\t<\/div>\n\t<\/div>\n<\/article>\n<article class=\"qodef-e qodef-grid-item qodef-item--landscape post-10022 portfolio-item type-portfolio-item status-publish has-post-thumbnail hentry portfolio-category-ville-en\">\n\t<div class=\"qodef-e-inner\" >\n\t\t<div class=\"qodef-e-image\">\n\t\t\t\t<div class=\"qodef-e-media-image\">\n\t\t<a itemprop=\"url\" href=\"https:\/\/signes-paysages.fr\/en\/portfolio-item\/redevelopment-of-avenue-de-tourville-bordeaux\/\" target=\"_self\">\n\t\t\t<img data-opt-id=1589388638  data-opt-src=\"https:\/\/mlujrbjxstu6.i.optimole.com\/cb:BI-6.712\/w:1300\/h:650\/q:mauto\/rt:fill\/g:ce\/f:best\/https:\/\/signes-paysages.fr\/wp-content\/uploads\/2025\/12\/TOURVILLE01.jpg\"  loading=\"lazy\" decoding=\"async\" width=\"1300\" height=\"650\" src=\"data:image/svg+xml,%3Csvg%20viewBox%3D%220%200%201300%20650%22%20width%3D%221300%22%20height%3D%22650%22%20xmlns%3D%22http%3A%2F%2Fwww.w3.org%2F2000%2Fsvg%22%3E%3Crect%20width%3D%221300%22%20height%3D%22650%22%20fill%3D%22transparent%22%2F%3E%3C%2Fsvg%3E\" class=\"attachment-brok_core_image_size_landscape size-brok_core_image_size_landscape wp-post-image\" alt=\"\" \/>\t\t<\/a>\n\t<\/div>\n\t\t<\/div>\n\t\t<div class=\"qodef-e-content\" >\n\t\t\t<div class=\"qodef-e-text\">\n\t\t\t\t<h5 itemprop=\"name\" class=\"qodef-e-title entry-title\" >\n\t<a itemprop=\"url\" class=\"qodef-e-title-link\" href=\"https:\/\/signes-paysages.fr\/en\/portfolio-item\/redevelopment-of-avenue-de-tourville-bordeaux\/\" target=\"_self\">\n\t\tREDEVELOPMENT OF AVENUE DE TOURVILLE &#8211; BORDEAUX\t<\/a>\n<\/h5>\n\t\t\t<\/div>\n\t\t\t<div class=\"qodef-e-bottom-holder\">\n\t\t\t\t<div class=\"qodef-e-info\">\n\t\t\t\t\t\t<a href=\"https:\/\/signes-paysages.fr\/en\/portfolio-category\/ville-en\/\" rel=\"tag\">Ville<\/a>\t<div class=\"qodef-info-separator-end\"><\/div>\n\t\t\t\t<\/div>\n\t\t\t<\/div>\n\t\t<\/div>\n\t<\/div>\n<\/article>\n\t<\/div>\n\t\t<div class=\"qodef-m-pagination qodef--infinite-scroll\">\n\t\t<svg class=\"qodef-svg--spinner qodef-m-pagination-spinner\" xmlns=\"http:\/\/www.w3.org\/2000\/svg\" width=\"512\" height=\"512\" viewBox=\"0 0 512 512\"><path d=\"M304 48c0 26.51-21.49 48-48 48s-48-21.49-48-48 21.49-48 48-48 48 21.49 48 48zm-48 368c-26.51 0-48 21.49-48 48s21.49 48 48 48 48-21.49 48-48-21.49-48-48-48zm208-208c-26.51 0-48 21.49-48 48s21.49 48 48 48 48-21.49 48-48-21.49-48-48-48zM96 256c0-26.51-21.49-48-48-48S0 229.49 0 256s21.49 48 48 48 48-21.49 48-48zm12.922 99.078c-26.51 0-48 21.49-48 48s21.49 48 48 48 48-21.49 48-48c0-26.509-21.491-48-48-48zm294.156 0c-26.51 0-48 21.49-48 48s21.49 48 48 48 48-21.49 48-48c0-26.509-21.49-48-48-48zM108.922 60.922c-26.51 0-48 21.49-48 48s21.49 48 48 48 48-21.49 48-48-21.491-48-48-48z\"><\/path><\/svg>\t<\/div>\n<\/div>\n\t\t\t\t<\/div>\n\t\t\t\t<\/div>\n\t\t\t\t\t<\/div>\n\t\t<\/div>\n\t\t\t\t\t<\/div>\n\t\t<\/section>\n\t\t\t\t<\/div>\n\t\t","protected":false},"excerpt":{"rendered":"<p>Voir tout Mobilit\u00e934 Parc et Jardin75 Territoire31 Ville113 AM\u00c9NAGEMENT DU DOMAINE PUBLIC DES PLAGES NATURELLES D&rsquo;ANTIBES Ville CR\u00c9ATION D&rsquo;UN COMPLEXE MULTI-RAQUETTES &#8211; OZOIR-LA-FERRI\u00c8RE Ville RED\u00c9COUVERTE DE LA RIVI\u00c8RE \u00ab\u00a0LA VIEILLE MER\u00a0\u00bb &#8211; LA COURNEUVE Parc et Jardin EXTENSION DU TRAMWAY T1 &#8211; COLOMBES Mobilit\u00e9 RECONSTRUCTION DU COLL\u00c8GE DUPATY &#8211; BLANQUEFORT Ville CENTRE BUS RATP \u2013 [&hellip;]<\/p>\n","protected":false},"author":4,"featured_media":0,"parent":5666,"menu_order":0,"comment_status":"closed","ping_status":"closed","template":"page-full-width.php","meta":{"footnotes":""},"folder":[],"class_list":["post-5700","page","type-page","status-publish","hentry"],"_links":{"self":[{"href":"https:\/\/signes-paysages.fr\/en\/wp-json\/wp\/v2\/pages\/5700","targetHints":{"allow":["GET"]}}],"collection":[{"href":"https:\/\/signes-paysages.fr\/en\/wp-json\/wp\/v2\/pages"}],"about":[{"href":"https:\/\/signes-paysages.fr\/en\/wp-json\/wp\/v2\/types\/page"}],"author":[{"embeddable":true,"href":"https:\/\/signes-paysages.fr\/en\/wp-json\/wp\/v2\/users\/4"}],"replies":[{"embeddable":true,"href":"https:\/\/signes-paysages.fr\/en\/wp-json\/wp\/v2\/comments?post=5700"}],"version-history":[{"count":27,"href":"https:\/\/signes-paysages.fr\/en\/wp-json\/wp\/v2\/pages\/5700\/revisions"}],"predecessor-version":[{"id":9548,"href":"https:\/\/signes-paysages.fr\/en\/wp-json\/wp\/v2\/pages\/5700\/revisions\/9548"}],"up":[{"embeddable":true,"href":"https:\/\/signes-paysages.fr\/en\/wp-json\/wp\/v2\/pages\/5666"}],"wp:attachment":[{"href":"https:\/\/signes-paysages.fr\/en\/wp-json\/wp\/v2\/media?parent=5700"}],"wp:term":[{"taxonomy":"folder","embeddable":true,"href":"https:\/\/signes-paysages.fr\/en\/wp-json\/wp\/v2\/folder?post=5700"}],"curies":[{"name":"wp","href":"https:\/\/api.w.org\/{rel}","templated":true}]}}